{"id":106,"date":"2025-08-28T19:03:35","date_gmt":"2025-08-28T19:03:35","guid":{"rendered":"http:\/\/formandoequipo.es\/index.php\/services-2\/"},"modified":"2025-09-24T22:21:43","modified_gmt":"2025-09-24T22:21:43","slug":"servicios","status":"publish","type":"page","link":"https:\/\/formandoequipo.es\/index.php\/servicios\/","title":{"rendered":"Servicios"},"content":{"rendered":"\t\t<div data-elementor-type=\"wp-page\" data-elementor-id=\"106\" class=\"elementor elementor-106\">\n\t\t\t\t<div class=\"elementor-element elementor-element-12e91991 e-con-full e-flex e-con e-parent\" data-id=\"12e91991\" data-element_type=\"container\" data-settings=\"{&quot;background_background&quot;:&quot;gradient&quot;,&quot;shape_divider_bottom&quot;:&quot;waves&quot;}\">\n\t\t\t\t<div class=\"elementor-shape elementor-shape-bottom\" aria-hidden=\"true\" data-negative=\"false\">\n\t\t\t<svg xmlns=\"http:\/\/www.w3.org\/2000\/svg\" viewBox=\"0 0 1000 100\" preserveAspectRatio=\"none\">\n\t<path class=\"elementor-shape-fill\" d=\"M421.9,6.5c22.6-2.5,51.5,0.4,75.5,5.3c23.6,4.9,70.9,23.5,100.5,35.7c75.8,32.2,133.7,44.5,192.6,49.7\n\tc23.6,2.1,48.7,3.5,103.4-2.5c54.7-6,106.2-25.6,106.2-25.6V0H0v30.3c0,0,72,32.6,158.4,30.5c39.2-0.7,92.8-6.7,134-22.4\n\tc21.2-8.1,52.2-18.2,79.7-24.2C399.3,7.9,411.6,7.5,421.9,6.5z\"\/>\n<\/svg>\t\t<\/div>\n\t\t\t\t<div class=\"elementor-element elementor-element-731ab506 elementor-widget elementor-widget-heading\" data-id=\"731ab506\" data-element_type=\"widget\" data-widget_type=\"heading.default\">\n\t\t\t\t\t<h1 class=\"elementor-heading-title elementor-size-default\">Lo que te ofrezco<\/h1>\t\t\t\t<\/div>\n\t\t\t\t<div class=\"elementor-element elementor-element-443d730a elementor-widget elementor-widget-heading\" data-id=\"443d730a\" data-element_type=\"widget\" data-widget_type=\"heading.default\">\n\t\t\t\t\t<h3 class=\"elementor-heading-title elementor-size-default\">Comunicaci\u00f3n, cohesi\u00f3n y liderazgo para que tu equipo brille<\/h3>\t\t\t\t<\/div>\n\t\t\t\t<\/div>\n\t\t<div class=\"elementor-element elementor-element-6458272f e-flex e-con-boxed e-con e-parent\" data-id=\"6458272f\" data-element_type=\"container\" data-settings=\"{&quot;background_background&quot;:&quot;classic&quot;}\">\n\t\t\t\t\t<div class=\"e-con-inner\">\n\t\t<div class=\"elementor-element elementor-element-171b4c21 e-flex e-con-boxed e-con e-child\" data-id=\"171b4c21\" data-element_type=\"container\">\n\t\t\t\t\t<div class=\"e-con-inner\">\n\t\t\t\t<div class=\"elementor-element elementor-element-ec077df elementor-widget elementor-widget-heading\" data-id=\"ec077df\" data-element_type=\"widget\" data-widget_type=\"heading.default\">\n\t\t\t\t\t<h2 class=\"elementor-heading-title elementor-size-default\">Soluciones para un Equipo Imparable<\/h2>\t\t\t\t<\/div>\n\t\t\t\t<div class=\"elementor-element elementor-element-3daa3dc0 elementor-widget elementor-widget-text-editor\" data-id=\"3daa3dc0\" data-element_type=\"widget\" data-widget_type=\"text-editor.default\">\n\t\t\t\t\t\t\t\t\t<p>Transforma tu organizaci\u00f3n con la metodolog\u00eda <strong data-start=\"684\" data-end=\"722\">Empowering People in the Workplace<\/strong>: comunicaci\u00f3n real, convivencia sana y equipos que brillan<\/p>\t\t\t\t\t\t\t\t<\/div>\n\t\t\t\t<div class=\"elementor-element elementor-element-b17e9d3 elementor-hidden-tablet elementor-hidden-mobile elementor-widget elementor-widget-spacer\" data-id=\"b17e9d3\" data-element_type=\"widget\" data-widget_type=\"spacer.default\">\n\t\t\t\t\t\t\t<div class=\"elementor-spacer\">\n\t\t\t<div class=\"elementor-spacer-inner\"><\/div>\n\t\t<\/div>\n\t\t\t\t\t\t<\/div>\n\t\t\t\t<div class=\"elementor-element elementor-element-c6caee3 elementor-widget elementor-widget-text-editor\" data-id=\"c6caee3\" data-element_type=\"widget\" data-widget_type=\"text-editor.default\">\n\t\t\t\t\t\t\t\t\t<p>Imagina un lugar de trabajo donde tu equipo no solo cumple objetivos, sino que\u00a0<strong>siente la empresa como su segundo hogar<\/strong>. Donde cada voz importa, la confianza es el aire que se respira y la cooperaci\u00f3n es el motor que impulsa cada logro. Esa es la visi\u00f3n que te ayudo a construir.<\/p><p>He comprobado que cuando las personas se sienten bien donde viven y donde conviven, su potencial se desata.<\/p><p>En los \u00faltimos a\u00f1os, el mundo laboral ha cambiado: <strong>cada cerebro en tu empresa es un activo valioso<\/strong>, y las\u00a0<strong>habilidades blandas (soft skills)<\/strong>\u00a0han demostrado ser m\u00e1s potentes que el talento individual para crear un clima de creatividad y productividad.<\/p><p>Mi misi\u00f3n es\u00a0<strong>acompa\u00f1ar a l\u00edderes y equipos<\/strong>\u00a0a crear precisamente esos entornos laborales, donde la confianza, la cooperaci\u00f3n y un profundo sentido de pertenencia sean los pilares.<\/p>\t\t\t\t\t\t\t\t<\/div>\n\t\t\t\t<div class=\"elementor-element elementor-element-5799abd elementor-widget elementor-widget-heading\" data-id=\"5799abd\" data-element_type=\"widget\" data-widget_type=\"heading.default\">\n\t\t\t\t\t<h2 class=\"elementor-heading-title elementor-size-default\">Porque las empresas exitosas no son solo las que tienen buenos resultados; son las que logran que su gente sea feliz.<\/h2>\t\t\t\t<\/div>\n\t\t\t\t\t<\/div>\n\t\t\t\t<\/div>\n\t\t\t\t\t<\/div>\n\t\t\t\t<\/div>\n\t\t<div class=\"elementor-element elementor-element-c8ec6db e-flex e-con-boxed e-con e-parent\" data-id=\"c8ec6db\" data-element_type=\"container\">\n\t\t\t\t\t<div class=\"e-con-inner\">\n\t\t\t\t<div class=\"elementor-element elementor-element-f6f0789 elementor-widget elementor-widget-heading\" data-id=\"f6f0789\" data-element_type=\"widget\" data-widget_type=\"heading.default\">\n\t\t\t\t\t<h2 class=\"elementor-heading-title elementor-size-default\">Programas<\/h2>\t\t\t\t<\/div>\n\t\t<div class=\"elementor-element elementor-element-681bd202 e-con-full e-flex e-con e-child\" data-id=\"681bd202\" data-element_type=\"container\">\n\t\t<div class=\"elementor-element elementor-element-7bc31afd e-con-full e-flex e-con e-child\" data-id=\"7bc31afd\" data-element_type=\"container\" data-settings=\"{&quot;background_background&quot;:&quot;classic&quot;}\">\n\t\t\t\t<div class=\"elementor-element elementor-element-23b4716e elementor-widget elementor-widget-icon-box\" data-id=\"23b4716e\" data-element_type=\"widget\" data-widget_type=\"icon-box.default\">\n\t\t\t\t\t\t\t<div class=\"elementor-icon-box-wrapper\">\n\n\t\t\t\n\t\t\t\t\t\t<div class=\"elementor-icon-box-content\">\n\n\t\t\t\t\t\t\t\t\t<h3 class=\"elementor-icon-box-title\">\n\t\t\t\t\t\t<span  >\n\t\t\t\t\t\t\tAcompa\u00f1amiento a L\u00edderes\t\t\t\t\t\t<\/span>\n\t\t\t\t\t<\/h3>\n\t\t\t\t\n\t\t\t\t\t\t\t\t\t<p class=\"elementor-icon-box-description\">\n\t\t\t\t\t\tTrabajo mano a mano con quienes dirigen equipos para que desarrollen un <b>liderazgo que crea <\/b>, no solo que gestiona. \n\n<br><br>\nUn liderazgo que <b>inspira<\/b>, que genera espacios de trabajo motivadores y que <b>transforma<\/b> las relaciones, convirti\u00e9ndote en el arquitecto de un clima positivo y de confianza.\t\t\t\t\t<\/p>\n\t\t\t\t\n\t\t\t<\/div>\n\t\t\t\n\t\t<\/div>\n\t\t\t\t\t\t<\/div>\n\t\t\t\t<div class=\"elementor-element elementor-element-140af45b elementor-align-left elementor-mobile-align-center elementor-widget elementor-widget-button\" data-id=\"140af45b\" data-element_type=\"widget\" data-widget_type=\"button.default\">\n\t\t\t\t\t\t\t\t\t\t<a class=\"elementor-button elementor-button-link elementor-size-sm elementor-animation-grow\" href=\"https:\/\/formandoequipo.es\/index.php\/contacto\/\">\n\t\t\t\t\t\t<span class=\"elementor-button-content-wrapper\">\n\t\t\t\t\t\t<span class=\"elementor-button-icon\">\n\t\t\t\t<svg aria-hidden=\"true\" class=\"e-font-icon-svg e-fas-arrow-right\" viewBox=\"0 0 448 512\" xmlns=\"http:\/\/www.w3.org\/2000\/svg\"><path d=\"M190.5 66.9l22.2-22.2c9.4-9.4 24.6-9.4 33.9 0L441 239c9.4 9.4 9.4 24.6 0 33.9L246.6 467.3c-9.4 9.4-24.6 9.4-33.9 0l-22.2-22.2c-9.5-9.5-9.3-25 .4-34.3L311.4 296H24c-13.3 0-24-10.7-24-24v-32c0-13.3 10.7-24 24-24h287.4L190.9 101.2c-9.8-9.3-10-24.8-.4-34.3z\"><\/path><\/svg>\t\t\t<\/span>\n\t\t\t\t\t\t\t\t\t<span class=\"elementor-button-text\">Me interesa<\/span>\n\t\t\t\t\t<\/span>\n\t\t\t\t\t<\/a>\n\t\t\t\t\t\t\t\t<\/div>\n\t\t\t\t<\/div>\n\t\t<div class=\"elementor-element elementor-element-5c939710 e-con-full e-flex e-con e-child\" data-id=\"5c939710\" data-element_type=\"container\" data-settings=\"{&quot;background_background&quot;:&quot;classic&quot;}\">\n\t\t\t\t<div class=\"elementor-element elementor-element-4febf473 elementor-widget elementor-widget-icon-box\" data-id=\"4febf473\" data-element_type=\"widget\" data-widget_type=\"icon-box.default\">\n\t\t\t\t\t\t\t<div class=\"elementor-icon-box-wrapper\">\n\n\t\t\t\n\t\t\t\t\t\t<div class=\"elementor-icon-box-content\">\n\n\t\t\t\t\t\t\t\t\t<h3 class=\"elementor-icon-box-title\">\n\t\t\t\t\t\t<span  >\n\t\t\t\t\t\t\tProgramas de Cohesi\u00f3n de Equipo\t\t\t\t\t\t<\/span>\n\t\t\t\t\t<\/h3>\n\t\t\t\t\n\t\t\t\t\t\t\t\t\t<p class=\"elementor-icon-box-description\">\n\t\t\t\t\t\tVamos m\u00e1s all\u00e1 de las din\u00e1micas de grupo. \n<br><br>\nFortalezco la uni\u00f3n, la <b>colaboraci\u00f3n<\/b> y, sobre todo, ese sentido de pertenencia que hace que cada persona se sienta escuchada y valorada. \n<br><br>\nInvolucramos a cada miembro para que aporten soluciones y remen en la misma direcci\u00f3n.\n\t\t\t\t\t<\/p>\n\t\t\t\t\n\t\t\t<\/div>\n\t\t\t\n\t\t<\/div>\n\t\t\t\t\t\t<\/div>\n\t\t\t\t<div class=\"elementor-element elementor-element-2205009 elementor-align-left elementor-mobile-align-center elementor-widget elementor-widget-button\" data-id=\"2205009\" data-element_type=\"widget\" data-widget_type=\"button.default\">\n\t\t\t\t\t\t\t\t\t\t<a class=\"elementor-button elementor-button-link elementor-size-sm elementor-animation-grow\" href=\"https:\/\/formandoequipo.es\/index.php\/contacto\/\">\n\t\t\t\t\t\t<span class=\"elementor-button-content-wrapper\">\n\t\t\t\t\t\t<span class=\"elementor-button-icon\">\n\t\t\t\t<svg aria-hidden=\"true\" class=\"e-font-icon-svg e-fas-arrow-right\" viewBox=\"0 0 448 512\" xmlns=\"http:\/\/www.w3.org\/2000\/svg\"><path d=\"M190.5 66.9l22.2-22.2c9.4-9.4 24.6-9.4 33.9 0L441 239c9.4 9.4 9.4 24.6 0 33.9L246.6 467.3c-9.4 9.4-24.6 9.4-33.9 0l-22.2-22.2c-9.5-9.5-9.3-25 .4-34.3L311.4 296H24c-13.3 0-24-10.7-24-24v-32c0-13.3 10.7-24 24-24h287.4L190.9 101.2c-9.8-9.3-10-24.8-.4-34.3z\"><\/path><\/svg>\t\t\t<\/span>\n\t\t\t\t\t\t\t\t\t<span class=\"elementor-button-text\">Me intersea<\/span>\n\t\t\t\t\t<\/span>\n\t\t\t\t\t<\/a>\n\t\t\t\t\t\t\t\t<\/div>\n\t\t\t\t<\/div>\n\t\t<div class=\"elementor-element elementor-element-7ed9dd19 e-con-full e-flex e-con e-child\" data-id=\"7ed9dd19\" data-element_type=\"container\" data-settings=\"{&quot;background_background&quot;:&quot;classic&quot;}\">\n\t\t\t\t<div class=\"elementor-element elementor-element-2b8400dd elementor-widget elementor-widget-icon-box\" data-id=\"2b8400dd\" data-element_type=\"widget\" data-widget_type=\"icon-box.default\">\n\t\t\t\t\t\t\t<div class=\"elementor-icon-box-wrapper\">\n\n\t\t\t\n\t\t\t\t\t\t<div class=\"elementor-icon-box-content\">\n\n\t\t\t\t\t\t\t\t\t<h3 class=\"elementor-icon-box-title\">\n\t\t\t\t\t\t<span  >\n\t\t\t\t\t\t\tTalleres monogr\u00e1ficos\t\t\t\t\t\t<\/span>\n\t\t\t\t\t<\/h3>\n\t\t\t\t\n\t\t\t\t\t\t\t\t\t<p class=\"elementor-icon-box-description\">\n\t\t\t\t\t\tOfrezco talleres intensivos, enfocados en temas clave que tu equipo necesita para brillar:\n<br><br>\n    <b>\u25e6 Comunicaci\u00f3n Efectiva:<\/b> Para que tus mensajes sean claros, concisos, correctos y, sobre todo, \u00a1atractivos!\n\n<br><br>\n   <b> \u25e6 Liderazgo Consciente:<\/b> De la verticalidad a un liderazgo que empodera y valora cada aporte.\n\n<br><br>\n   <b> \u25e6 Gesti\u00f3n Emocional y Resoluci\u00f3n de Conflictos:<\/b> Aprender a usar las emociones a tu favor, sin que te cieguen, y a convertir los conflictos en oportunidades de crecimiento.\n\t\t\t\t\t<\/p>\n\t\t\t\t\n\t\t\t<\/div>\n\t\t\t\n\t\t<\/div>\n\t\t\t\t\t\t<\/div>\n\t\t\t\t<div class=\"elementor-element elementor-element-165e053b elementor-align-left elementor-mobile-align-center elementor-widget elementor-widget-button\" data-id=\"165e053b\" data-element_type=\"widget\" data-widget_type=\"button.default\">\n\t\t\t\t\t\t\t\t\t\t<a class=\"elementor-button elementor-button-link elementor-size-sm elementor-animation-grow\" href=\"https:\/\/formandoequipo.es\/index.php\/contacto\/\">\n\t\t\t\t\t\t<span class=\"elementor-button-content-wrapper\">\n\t\t\t\t\t\t<span class=\"elementor-button-icon\">\n\t\t\t\t<svg aria-hidden=\"true\" class=\"e-font-icon-svg e-fas-arrow-right\" viewBox=\"0 0 448 512\" xmlns=\"http:\/\/www.w3.org\/2000\/svg\"><path d=\"M190.5 66.9l22.2-22.2c9.4-9.4 24.6-9.4 33.9 0L441 239c9.4 9.4 9.4 24.6 0 33.9L246.6 467.3c-9.4 9.4-24.6 9.4-33.9 0l-22.2-22.2c-9.5-9.5-9.3-25 .4-34.3L311.4 296H24c-13.3 0-24-10.7-24-24v-32c0-13.3 10.7-24 24-24h287.4L190.9 101.2c-9.8-9.3-10-24.8-.4-34.3z\"><\/path><\/svg>\t\t\t<\/span>\n\t\t\t\t\t\t\t\t\t<span class=\"elementor-button-text\">Me interesa<\/span>\n\t\t\t\t\t<\/span>\n\t\t\t\t\t<\/a>\n\t\t\t\t\t\t\t\t<\/div>\n\t\t\t\t<\/div>\n\t\t\t\t<\/div>\n\t\t\t\t\t<\/div>\n\t\t\t\t<\/div>\n\t\t<div class=\"elementor-element elementor-element-6e7e8b0b e-flex e-con-boxed e-con e-parent\" data-id=\"6e7e8b0b\" data-element_type=\"container\" data-settings=\"{&quot;background_background&quot;:&quot;classic&quot;}\">\n\t\t\t\t\t<div class=\"e-con-inner\">\n\t\t<div class=\"elementor-element elementor-element-1144132d e-con-full e-flex e-con e-child\" data-id=\"1144132d\" data-element_type=\"container\">\n\t\t<div class=\"elementor-element elementor-element-5a6ed451 e-con-full e-flex e-con e-child\" data-id=\"5a6ed451\" data-element_type=\"container\">\n\t\t\t\t<div class=\"elementor-element elementor-element-59e9cd6a elementor-widget__width-initial elementor-widget elementor-widget-heading\" data-id=\"59e9cd6a\" data-element_type=\"widget\" data-widget_type=\"heading.default\">\n\t\t\t\t\t<h2 class=\"elementor-heading-title elementor-size-default\">Mi Metodolog\u00eda: Aprender haciendo, Sentir para entender<\/h2>\t\t\t\t<\/div>\n\t\t\t\t<div class=\"elementor-element elementor-element-7a337e5e elementor-widget elementor-widget-text-editor\" data-id=\"7a337e5e\" data-element_type=\"widget\" data-widget_type=\"text-editor.default\">\n\t\t\t\t\t\t\t\t\t<p data-start=\"1926\" data-end=\"1966\">\ud83c\udfad <em data-start=\"1929\" data-end=\"1964\">Aprender haciendo, no escuchando.<\/em><\/p><p data-start=\"1971\" data-end=\"2021\">\ud83d\udd04 <em data-start=\"1974\" data-end=\"2019\">Role-playing para vivir otras perspectivas.<\/em><\/p><p data-start=\"2026\" data-end=\"2094\">\ud83d\udca1 <em data-start=\"2029\" data-end=\"2092\">Espacio seguro para gestionar emociones y ensayar soluciones.<\/em><\/p><div>\u00a0<\/div>\t\t\t\t\t\t\t\t<\/div>\n\t\t\t\t<\/div>\n\t\t<div class=\"elementor-element elementor-element-6df9a7f2 e-flex e-con-boxed e-con e-child\" data-id=\"6df9a7f2\" data-element_type=\"container\">\n\t\t\t\t\t<div class=\"e-con-inner\">\n\t\t\t\t<div class=\"elementor-element elementor-element-21ecd340 elementor-widget elementor-widget-heading\" data-id=\"21ecd340\" data-element_type=\"widget\" data-widget_type=\"heading.default\">\n\t\t\t\t\t<h2 class=\"elementor-heading-title elementor-size-default\">Beneficios: \n<br>\u00bfQu\u00e9 hay de lo tuyo?<\/h2>\t\t\t\t<\/div>\n\t\t\t\t<div class=\"elementor-element elementor-element-51f5fa6f elementor-widget elementor-widget-text-editor\" data-id=\"51f5fa6f\" data-element_type=\"widget\" data-widget_type=\"text-editor.default\">\n\t\t\t\t\t\t\t\t\t<p><strong>Para tu Empresa: Cifras que Hablan y Cultura que Inspira<\/strong><\/p><p data-start=\"2386\" data-end=\"2595\">\ud83d\udcc8 Mayor productividad y eficiencia<br data-start=\"2462\" data-end=\"2465\" \/>\ud83d\udc65 Menos rotaci\u00f3n y ausentismo<br data-start=\"2495\" data-end=\"2498\" \/>\ud83c\udf1f Liderazgos fuertes y visionarios<br data-start=\"2533\" data-end=\"2536\" \/>\ud83d\udcbc Mejor clima laboral<br data-start=\"2558\" data-end=\"2561\" \/>\ud83d\ude80 Adaptaci\u00f3n al nuevo paradigma<\/p><p data-start=\"2386\" data-end=\"2595\">\u00a0<\/p><p data-start=\"2597\" data-end=\"2785\"><strong data-start=\"2597\" data-end=\"2632\">Para tu Equipo: Felicidad, Crecimiento y Bienestar<\/strong><br data-start=\"2632\" data-end=\"2635\" \/>\u2764\ufe0f Sentido de pertenencia transformador<br data-start=\"2674\" data-end=\"2677\" \/>\ud83d\ude0a Bienestar y felicidad genuina<br data-start=\"2709\" data-end=\"2712\" \/>\ud83d\udcac Desarrollo de habilidades clave<br data-start=\"2746\" data-end=\"2749\" \/>\u26a1 Empoderamiento real y voz activa<\/p><div>\u00a0<\/div>\t\t\t\t\t\t\t\t<\/div>\n\t\t\t\t\t<\/div>\n\t\t\t\t<\/div>\n\t\t\t\t<\/div>\n\t\t<div class=\"elementor-element elementor-element-5e14ff08 e-con-full e-flex e-con e-child\" data-id=\"5e14ff08\" data-element_type=\"container\">\n\t\t\t\t<div class=\"elementor-element elementor-element-e7c8a3d elementor-widget elementor-widget-image\" data-id=\"e7c8a3d\" data-element_type=\"widget\" data-widget_type=\"image.default\">\n\t\t\t\t\t\t\t\t\t\t\t\t\t\t\t<img fetchpriority=\"high\" decoding=\"async\" width=\"430\" height=\"430\" src=\"https:\/\/formandoequipo.es\/wp-content\/uploads\/2025\/08\/Our-Services-pic-1.png\" class=\"attachment-full size-full wp-image-109\" alt=\"\" srcset=\"https:\/\/formandoequipo.es\/wp-content\/uploads\/2025\/08\/Our-Services-pic-1.png 430w, https:\/\/formandoequipo.es\/wp-content\/uploads\/2025\/08\/Our-Services-pic-1-300x300.png 300w, https:\/\/formandoequipo.es\/wp-content\/uploads\/2025\/08\/Our-Services-pic-1-150x150.png 150w\" sizes=\"(max-width: 430px) 100vw, 430px\" \/>\t\t\t\t\t\t\t\t\t\t\t\t\t\t\t<\/div>\n\t\t\t\t<div class=\"elementor-element elementor-element-22946298 elementor-widget elementor-widget-image\" data-id=\"22946298\" data-element_type=\"widget\" data-widget_type=\"image.default\">\n\t\t\t\t\t\t\t\t\t\t\t\t\t\t\t<img decoding=\"async\" width=\"507\" height=\"507\" src=\"https:\/\/formandoequipo.es\/wp-content\/uploads\/2025\/08\/Our-Services-pic-2.png\" class=\"attachment-full size-full wp-image-110\" alt=\"\" srcset=\"https:\/\/formandoequipo.es\/wp-content\/uploads\/2025\/08\/Our-Services-pic-2.png 507w, https:\/\/formandoequipo.es\/wp-content\/uploads\/2025\/08\/Our-Services-pic-2-300x300.png 300w, https:\/\/formandoequipo.es\/wp-content\/uploads\/2025\/08\/Our-Services-pic-2-150x150.png 150w\" sizes=\"(max-width: 507px) 100vw, 507px\" \/>\t\t\t\t\t\t\t\t\t\t\t\t\t\t\t<\/div>\n\t\t\t\t<\/div>\n\t\t\t\t\t<\/div>\n\t\t\t\t<\/div>\n\t\t<div class=\"elementor-element elementor-element-2b7143f e-flex e-con-boxed e-con e-parent\" data-id=\"2b7143f\" data-element_type=\"container\" data-settings=\"{&quot;background_background&quot;:&quot;gradient&quot;,&quot;shape_divider_top&quot;:&quot;waves&quot;}\">\n\t\t\t\t\t<div class=\"e-con-inner\">\n\t\t\t\t<div class=\"elementor-shape elementor-shape-top\" aria-hidden=\"true\" data-negative=\"false\">\n\t\t\t<svg xmlns=\"http:\/\/www.w3.org\/2000\/svg\" viewBox=\"0 0 1000 100\" preserveAspectRatio=\"none\">\n\t<path class=\"elementor-shape-fill\" d=\"M421.9,6.5c22.6-2.5,51.5,0.4,75.5,5.3c23.6,4.9,70.9,23.5,100.5,35.7c75.8,32.2,133.7,44.5,192.6,49.7\n\tc23.6,2.1,48.7,3.5,103.4-2.5c54.7-6,106.2-25.6,106.2-25.6V0H0v30.3c0,0,72,32.6,158.4,30.5c39.2-0.7,92.8-6.7,134-22.4\n\tc21.2-8.1,52.2-18.2,79.7-24.2C399.3,7.9,411.6,7.5,421.9,6.5z\"\/>\n<\/svg>\t\t<\/div>\n\t\t<div class=\"elementor-element elementor-element-58d9151a e-con-full e-flex e-con e-child\" data-id=\"58d9151a\" data-element_type=\"container\">\n\t\t\t\t<div class=\"elementor-element elementor-element-2fe3cb48 elementor-widget__width-initial elementor-widget elementor-widget-cta\" data-id=\"2fe3cb48\" data-element_type=\"widget\" data-settings=\"{&quot;primary_button_shape&quot;:&quot;round&quot;,&quot;cta_vertical_position&quot;:&quot;end&quot;,&quot;layout_preset&quot;:&quot;focus&quot;,&quot;box_shape&quot;:&quot;sharp&quot;}\" data-widget_type=\"cta.default\">\n\t\t\t\t<div class=\"elementor-widget-container\">\n\t\t\t\t\t\t\t<div class=\"has-shape-sharp shape-type-box ehp-cta has-preset-focus\">\n\t\t\t<div class=\"ehp-cta__overlay\"><\/div>\n\t\t\t<div class=\"ehp-cta__elements-container\">\n\t\t\t\t\t\t<div class=\"ehp-cta__text-container\">\n\t\t\t<h2 class=\"ehp-cta__heading\">Es momento de transformar tu equipo. \u00bfEmpezamos?<\/h2><p class=\"ehp-cta__description\">Cu\u00e9ntame qu\u00e9 necesitas para mejorar el ambiente laboral<\/p>\t\t<\/div>\n\t\t\t\t\t<div class=\"ehp-cta__ctas-container\">\n\t\t\t\t<div class=\"ehp-cta__buttons-wrapper\">\n\t\t\t\t\t\t\t<a class=\"has-shape-round shape-type-button ehp-button ehp-button--primary ehp-cta__button ehp-cta__button--primary is-type-button\" href=\"https:\/\/formandoequipo.es\/index.php\/contacto\/\">\n\t\t\t<svg aria-hidden=\"true\" class=\"ehp-button__icon e-font-icon-svg e-fas-arrow-right\" 0=\"ehp-cta__button-icon\" viewBox=\"0 0 448 512\" xmlns=\"http:\/\/www.w3.org\/2000\/svg\"><path d=\"M190.5 66.9l22.2-22.2c9.4-9.4 24.6-9.4 33.9 0L441 239c9.4 9.4 9.4 24.6 0 33.9L246.6 467.3c-9.4 9.4-24.6 9.4-33.9 0l-22.2-22.2c-9.5-9.5-9.3-25 .4-34.3L311.4 296H24c-13.3 0-24-10.7-24-24v-32c0-13.3 10.7-24 24-24h287.4L190.9 101.2c-9.8-9.3-10-24.8-.4-34.3z\"><\/path><\/svg>\t\t<span class=\"ehp-button__text ehp-cta__button-text ehp-cta__button-text--primary\">\n\t\t\tHablemos\t\t\t\t<\/a>\n\t\t\t\t\t\t\t\t\t\t\t<\/div>\n\t\t\t<\/div>\n\t\t\t\t\t<\/div>\n\t\t<\/div>\n\t\t\t\t\t\t<\/div>\n\t\t\t\t<\/div>\n\t\t\t\t<\/div>\n\t\t<div class=\"elementor-element elementor-element-7e66077c e-con-full e-flex e-con e-child\" data-id=\"7e66077c\" data-element_type=\"container\">\n\t\t\t\t<div class=\"elementor-element elementor-element-1ff1b6fa elementor-widget elementor-widget-image\" data-id=\"1ff1b6fa\" data-element_type=\"widget\" data-widget_type=\"image.default\">\n\t\t\t\t\t\t\t\t\t\t\t\t\t\t\t<img decoding=\"async\" src=\"https:\/\/formandoequipo.es\/wp-content\/uploads\/2025\/08\/CTA-Our-Services.png\" title=\"\" alt=\"\" loading=\"lazy\" \/>\t\t\t\t\t\t\t\t\t\t\t\t\t\t\t<\/div>\n\t\t\t\t<div class=\"elementor-element elementor-element-afd6461 elementor-hidden-tablet elementor-hidden-mobile elementor-widget elementor-widget-image\" data-id=\"afd6461\" data-element_type=\"widget\" data-widget_type=\"image.default\">\n\t\t\t\t\t\t\t\t\t\t\t\t\t\t\t<img decoding=\"async\" width=\"539\" height=\"539\" src=\"https:\/\/formandoequipo.es\/wp-content\/uploads\/2025\/08\/Clients-CTA-Footer.jpg\" class=\"attachment-full size-full wp-image-138\" alt=\"\" srcset=\"https:\/\/formandoequipo.es\/wp-content\/uploads\/2025\/08\/Clients-CTA-Footer.jpg 539w, https:\/\/formandoequipo.es\/wp-content\/uploads\/2025\/08\/Clients-CTA-Footer-300x300.jpg 300w, https:\/\/formandoequipo.es\/wp-content\/uploads\/2025\/08\/Clients-CTA-Footer-150x150.jpg 150w\" sizes=\"(max-width: 539px) 100vw, 539px\" \/>\t\t\t\t\t\t\t\t\t\t\t\t\t\t\t<\/div>\n\t\t\t\t<\/div>\n\t\t\t\t\t<\/div>\n\t\t\t\t<\/div>\n\t\t\t\t<\/div>\n\t\t","protected":false},"excerpt":{"rendered":"<p>Lo que te ofrezco Comunicaci\u00f3n, cohesi\u00f3n y liderazgo para que tu equipo brille Soluciones para un Equipo Imparable Transforma tu organizaci\u00f3n con la metodolog\u00eda Empowering People in the Workplace: comunicaci\u00f3n real, convivencia sana y equipos que brillan Imagina un lugar de trabajo donde tu equipo no solo cumple objetivos, sino que\u00a0siente la empresa como su [&hellip;]<\/p>\n","protected":false},"author":1,"featured_media":0,"parent":0,"menu_order":0,"comment_status":"closed","ping_status":"closed","template":"elementor_header_footer","meta":{"footnotes":""},"class_list":["post-106","page","type-page","status-publish","hentry"],"_links":{"self":[{"href":"https:\/\/formandoequipo.es\/index.php\/wp-json\/wp\/v2\/pages\/106","targetHints":{"allow":["GET"]}}],"collection":[{"href":"https:\/\/formandoequipo.es\/index.php\/wp-json\/wp\/v2\/pages"}],"about":[{"href":"https:\/\/formandoequipo.es\/index.php\/wp-json\/wp\/v2\/types\/page"}],"author":[{"embeddable":true,"href":"https:\/\/formandoequipo.es\/index.php\/wp-json\/wp\/v2\/users\/1"}],"replies":[{"embeddable":true,"href":"https:\/\/formandoequipo.es\/index.php\/wp-json\/wp\/v2\/comments?post=106"}],"version-history":[{"count":26,"href":"https:\/\/formandoequipo.es\/index.php\/wp-json\/wp\/v2\/pages\/106\/revisions"}],"predecessor-version":[{"id":418,"href":"https:\/\/formandoequipo.es\/index.php\/wp-json\/wp\/v2\/pages\/106\/revisions\/418"}],"wp:attachment":[{"href":"https:\/\/formandoequipo.es\/index.php\/wp-json\/wp\/v2\/media?parent=106"}],"curies":[{"name":"wp","href":"https:\/\/api.w.org\/{rel}","templated":true}]}}