{"id":90,"date":"2025-08-28T19:03:32","date_gmt":"2025-08-28T19:03:32","guid":{"rendered":"http:\/\/formandoequipo.es\/index.php\/about-2\/"},"modified":"2025-09-24T22:27:46","modified_gmt":"2025-09-24T22:27:46","slug":"sandra","status":"publish","type":"page","link":"https:\/\/formandoequipo.es\/index.php\/sandra\/","title":{"rendered":"Sobre m\u00ed"},"content":{"rendered":"\t\t<div data-elementor-type=\"wp-page\" data-elementor-id=\"90\" class=\"elementor elementor-90\">\n\t\t\t\t<div class=\"elementor-element elementor-element-f577cc7 e-flex e-con-boxed e-con e-parent\" data-id=\"f577cc7\" data-element_type=\"container\">\n\t\t\t\t\t<div class=\"e-con-inner\">\n\t\t<div class=\"elementor-element elementor-element-53de9fd e-con-full e-flex e-con e-child\" data-id=\"53de9fd\" data-element_type=\"container\">\n\t\t\t\t<div class=\"elementor-element elementor-element-a2cbe40 elementor-widget elementor-widget-image\" data-id=\"a2cbe40\" data-element_type=\"widget\" data-widget_type=\"image.default\">\n\t\t\t\t\t\t\t\t\t\t\t\t\t\t\t<img fetchpriority=\"high\" decoding=\"async\" width=\"800\" height=\"950\" src=\"https:\/\/formandoequipo.es\/wp-content\/uploads\/2025\/08\/Sandra-Martin.webp\" class=\"attachment-large size-large wp-image-217\" alt=\"\" srcset=\"https:\/\/formandoequipo.es\/wp-content\/uploads\/2025\/08\/Sandra-Martin.webp 800w, https:\/\/formandoequipo.es\/wp-content\/uploads\/2025\/08\/Sandra-Martin-253x300.webp 253w, https:\/\/formandoequipo.es\/wp-content\/uploads\/2025\/08\/Sandra-Martin-768x912.webp 768w\" sizes=\"(max-width: 800px) 100vw, 800px\" \/>\t\t\t\t\t\t\t\t\t\t\t\t\t\t\t<\/div>\n\t\t\t\t<\/div>\n\t\t<div class=\"elementor-element elementor-element-7b606fb e-con-full e-flex e-con e-child\" data-id=\"7b606fb\" data-element_type=\"container\">\n\t\t\t\t<div class=\"elementor-element elementor-element-2a3b10e elementor-widget elementor-widget-heading\" data-id=\"2a3b10e\" data-element_type=\"widget\" data-widget_type=\"heading.default\">\n\t\t\t\t\t<h2 class=\"elementor-heading-title elementor-size-default\">Soy Sandra<\/h2>\t\t\t\t<\/div>\n\t\t\t\t<div class=\"elementor-element elementor-element-287bd88 elementor-widget elementor-widget-text-editor\" data-id=\"287bd88\" data-element_type=\"widget\" data-widget_type=\"text-editor.default\">\n\t\t\t\t\t\t\t\t\t<p>Cuando me preguntan qu\u00e9 hago, respondo que: ayudo a las personas a entenderse mejor.<\/p><p>Desde 2021 he trabajado con familias para poder llevar una educaci\u00f3n respetuosa a sus casas y esos <strong>resultados<\/strong> me han parecido tan potentes que he decidido dar el salto a los equipos de trabajo.<\/p>\t\t\t\t\t\t\t\t<\/div>\n\t\t\t\t<\/div>\n\t\t\t\t\t<\/div>\n\t\t\t\t<\/div>\n\t\t<div class=\"elementor-element elementor-element-6ede37f e-flex e-con-boxed e-con e-parent\" data-id=\"6ede37f\" data-element_type=\"container\">\n\t\t\t\t\t<div class=\"e-con-inner\">\n\t\t\t\t<div class=\"elementor-element elementor-element-484f4b8 elementor-widget elementor-widget-heading\" data-id=\"484f4b8\" data-element_type=\"widget\" data-widget_type=\"heading.default\">\n\t\t\t\t\t<h2 class=\"elementor-heading-title elementor-size-default\">Mi viaje profesional es la historia de una b\u00fasqueda: \n<br> El sentido de pertenencia<\/h2>\t\t\t\t<\/div>\n\t\t\t\t\t<\/div>\n\t\t\t\t<\/div>\n\t\t<div class=\"elementor-element elementor-element-d4b671b e-grid e-con-boxed e-con e-parent\" data-id=\"d4b671b\" data-element_type=\"container\" data-settings=\"{&quot;background_background&quot;:&quot;classic&quot;}\">\n\t\t\t\t\t<div class=\"e-con-inner\">\n\t\t<div class=\"elementor-element elementor-element-58db1aa5 e-flex e-con-boxed e-con e-child\" data-id=\"58db1aa5\" data-element_type=\"container\" data-settings=\"{&quot;background_background&quot;:&quot;classic&quot;}\">\n\t\t\t\t\t<div class=\"e-con-inner\">\n\t\t\t\t<div class=\"elementor-element elementor-element-269705a9 elementor-widget elementor-widget-heading\" data-id=\"269705a9\" data-element_type=\"widget\" data-widget_type=\"heading.default\">\n\t\t\t\t\t<h4 class=\"elementor-heading-title elementor-size-default\">Mi historia personal<\/h4>\t\t\t\t<\/div>\n\t\t\t\t<div class=\"elementor-element elementor-element-56ee06fd elementor-widget elementor-widget-text-editor\" data-id=\"56ee06fd\" data-element_type=\"widget\" data-widget_type=\"text-editor.default\">\n\t\t\t\t\t\t\t\t\t<p>Como <strong>madre de tres<\/strong>, he comprendido que este valor es la espina dorsal de cualquier comunidad, desde el hogar hasta el entorno laboral.<\/p><p>Mi propia experiencia de vida es el mejor testimonio: tras casi <strong>15 a\u00f1os trabajando como administrativa<\/strong>, hubo un momento en el que sent\u00ed que simplemente no encajaba, que no formaba parte de aquello que hac\u00eda.<\/p><p>Esa <strong>desconexi\u00f3n<\/strong>, esa falta de pertenencia, fue la chispa que me impuls\u00f3 a un cambio radical.<\/p>\t\t\t\t\t\t\t\t<\/div>\n\t\t\t\t\t<\/div>\n\t\t\t\t<\/div>\n\t\t<div class=\"elementor-element elementor-element-4a05aa68 e-flex e-con-boxed e-con e-child\" data-id=\"4a05aa68\" data-element_type=\"container\" data-settings=\"{&quot;background_background&quot;:&quot;classic&quot;}\">\n\t\t\t\t\t<div class=\"e-con-inner\">\n\t\t\t\t<div class=\"elementor-element elementor-element-5cad1455 elementor-widget elementor-widget-heading\" data-id=\"5cad1455\" data-element_type=\"widget\" data-widget_type=\"heading.default\">\n\t\t\t\t\t<h4 class=\"elementor-heading-title elementor-size-default\">Mi prop\u00f3sito<\/h4>\t\t\t\t<\/div>\n\t\t\t\t<div class=\"elementor-element elementor-element-64090756 elementor-widget elementor-widget-text-editor\" data-id=\"64090756\" data-element_type=\"widget\" data-widget_type=\"text-editor.default\">\n\t\t\t\t\t\t\t\t\t<p>Decid\u00ed entonces volcarme en lo que realmente me mov\u00eda: las <strong>familias<\/strong>.<\/p><p>Comprend\u00ed que, desde mi propia experiencia como madre, pod\u00eda ofrecer una mano, una gu\u00eda a otros. Me certifiqu\u00e9 en <strong>Disciplina Positiva<\/strong> y, desde <strong>2021<\/strong>, he tenido el privilegio de acompa\u00f1ar a cientos de familias a construir relaciones basadas en el respeto, la conexi\u00f3n y, s\u00ed, tambi\u00e9n el sentido de pertenencia.<\/p>\t\t\t\t\t\t\t\t<\/div>\n\t\t\t\t\t<\/div>\n\t\t\t\t<\/div>\n\t\t\t\t\t<\/div>\n\t\t\t\t<\/div>\n\t\t<div class=\"elementor-element elementor-element-740b532 e-flex e-con-boxed e-con e-parent\" data-id=\"740b532\" data-element_type=\"container\">\n\t\t\t\t\t<div class=\"e-con-inner\">\n\t\t\t\t<div class=\"elementor-element elementor-element-e658b69 elementor-widget elementor-widget-flex-hero\" data-id=\"e658b69\" data-element_type=\"widget\" data-settings=\"{&quot;layout_column_structure&quot;:&quot;33-66&quot;,&quot;image_shape&quot;:&quot;custom&quot;,&quot;layout_preset&quot;:&quot;showcase&quot;,&quot;layout_image_position&quot;:&quot;end&quot;,&quot;primary_button_shape&quot;:&quot;default&quot;,&quot;box_shape&quot;:&quot;sharp&quot;}\" data-widget_type=\"flex-hero.default\">\n\t\t\t\t<div class=\"elementor-widget-container\">\n\t\t\t\t\t\t\t<div class=\"has-shape-sharp shape-type-box has-column-structure-33-66  ehp-flex-hero has-layout-preset-showcase has-image-position-end\">\n\t\t\t\t\t\t<div class=\"ehp-flex-hero__overlay\"><\/div>\n\t\t\t<div class=\"ehp-flex-hero__content-container\">\n\t\t\t\t<h3 class=\"ehp-flex-hero__subheading\">\u00bfQu\u00e9 diferencia hay entre liderar una familia y liderar un equipo de trabajo?\n<br><br>\nEn el fondo, ninguna: la clave es la confianza, la cooperaci\u00f3n y la pertenencia<\/h3>\t\t\t<div class=\"ehp-flex-hero__ctas-container\">\n\t\t\t\t\t\t\t\t\t\t\t<\/div>\n\t\t\t\t\t<\/div>\n\t\t\t\t<div class=\"ehp-flex-hero__image-wrapper\">\n\t\t\t\t\t<div class=\"ehp-image ehp-flex-hero__image-container\">\n\t\t\t\t<img decoding=\"async\" class=\"ehp-image__img ehp-flex-hero__img has-shape-custom shape-type-image\" src=\"https:\/\/formandoequipo.es\/wp-content\/uploads\/2025\/08\/Sandra-en-sesion.webp\" title=\"Sandra en sesi\u00f3n\" alt=\"Sandra en sesi\u00f3n\" loading=\"lazy\" \/>\t\t\t<\/div>\n\t\t\t\t\t<\/div>\n\t\t\t\t<\/div>\n\t\t\t\t\t\t<\/div>\n\t\t\t\t<\/div>\n\t\t\t\t<div class=\"elementor-element elementor-element-90abd90 elementor-widget elementor-widget-spacer\" data-id=\"90abd90\" data-element_type=\"widget\" data-widget_type=\"spacer.default\">\n\t\t\t\t\t\t\t<div class=\"elementor-spacer\">\n\t\t\t<div class=\"elementor-spacer-inner\"><\/div>\n\t\t<\/div>\n\t\t\t\t\t\t<\/div>\n\t\t\t\t\t<\/div>\n\t\t\t\t<\/div>\n\t\t<div class=\"elementor-element elementor-element-69882d6 e-flex e-con-boxed e-con e-parent\" data-id=\"69882d6\" data-element_type=\"container\">\n\t\t\t\t\t<div class=\"e-con-inner\">\n\t\t\t\t<div class=\"elementor-element elementor-element-4c90d04 elementor-widget elementor-widget-heading\" data-id=\"4c90d04\" data-element_type=\"widget\" data-widget_type=\"heading.default\">\n\t\t\t\t\t<h2 class=\"elementor-heading-title elementor-size-default\">Empowering people in the workplace<\/h2>\t\t\t\t<\/div>\n\t\t\t\t<div class=\"elementor-element elementor-element-fcb7b5e elementor-hidden-tablet elementor-hidden-mobile elementor-widget elementor-widget-spacer\" data-id=\"fcb7b5e\" data-element_type=\"widget\" data-widget_type=\"spacer.default\">\n\t\t\t\t\t\t\t<div class=\"elementor-spacer\">\n\t\t\t<div class=\"elementor-spacer-inner\"><\/div>\n\t\t<\/div>\n\t\t\t\t\t\t<\/div>\n\t\t<div class=\"elementor-element elementor-element-c49a2c7 e-grid e-con-full e-con e-child\" data-id=\"c49a2c7\" data-element_type=\"container\">\n\t\t\t\t<div class=\"elementor-element elementor-element-3ceba39 elementor-view-default elementor-position-top elementor-mobile-position-top elementor-widget elementor-widget-icon-box\" data-id=\"3ceba39\" data-element_type=\"widget\" data-widget_type=\"icon-box.default\">\n\t\t\t\t\t\t\t<div class=\"elementor-icon-box-wrapper\">\n\n\t\t\t\t\t\t<div class=\"elementor-icon-box-icon\">\n\t\t\t\t<span  class=\"elementor-icon\">\n\t\t\t\t<svg aria-hidden=\"true\" class=\"e-font-icon-svg e-fas-glasses\" viewBox=\"0 0 576 512\" xmlns=\"http:\/\/www.w3.org\/2000\/svg\"><path d=\"M574.1 280.37L528.75 98.66c-5.91-23.7-21.59-44.05-43-55.81-21.44-11.73-46.97-14.11-70.19-6.33l-15.25 5.08c-8.39 2.79-12.92 11.86-10.12 20.24l5.06 15.18c2.79 8.38 11.85 12.91 20.23 10.12l13.18-4.39c10.87-3.62 23-3.57 33.16 1.73 10.29 5.37 17.57 14.56 20.37 25.82l38.46 153.82c-22.19-6.81-49.79-12.46-81.2-12.46-34.77 0-73.98 7.02-114.85 26.74h-73.18c-40.87-19.74-80.08-26.75-114.86-26.75-31.42 0-59.02 5.65-81.21 12.46l38.46-153.83c2.79-11.25 10.09-20.45 20.38-25.81 10.16-5.3 22.28-5.35 33.15-1.73l13.17 4.39c8.38 2.79 17.44-1.74 20.23-10.12l5.06-15.18c2.8-8.38-1.73-17.45-10.12-20.24l-15.25-5.08c-23.22-7.78-48.75-5.41-70.19 6.33-21.41 11.77-37.09 32.11-43 55.8L1.9 280.37A64.218 64.218 0 0 0 0 295.86v70.25C0 429.01 51.58 480 115.2 480h37.12c60.28 0 110.37-45.94 114.88-105.37l2.93-38.63h35.75l2.93 38.63C313.31 434.06 363.4 480 423.68 480h37.12c63.62 0 115.2-50.99 115.2-113.88v-70.25c0-5.23-.64-10.43-1.9-15.5zm-370.72 89.42c-1.97 25.91-24.4 46.21-51.06 46.21H115.2C86.97 416 64 393.62 64 366.11v-37.54c18.12-6.49 43.42-12.92 72.58-12.92 23.86 0 47.26 4.33 69.93 12.92l-3.13 41.22zM512 366.12c0 27.51-22.97 49.88-51.2 49.88h-37.12c-26.67 0-49.1-20.3-51.06-46.21l-3.13-41.22c22.67-8.59 46.08-12.92 69.95-12.92 29.12 0 54.43 6.44 72.55 12.93v37.54z\"><\/path><\/svg>\t\t\t\t<\/span>\n\t\t\t<\/div>\n\t\t\t\n\t\t\t\t\t\t<div class=\"elementor-icon-box-content\">\n\n\t\t\t\t\t\t\t\t\t<h3 class=\"elementor-icon-box-title\">\n\t\t\t\t\t\t<span  >\n\t\t\t\t\t\t\tMi misi\u00f3n es \t\t\t\t\t\t<\/span>\n\t\t\t\t\t<\/h3>\n\t\t\t\t\n\t\t\t\t\t\t\t\t\t<p class=\"elementor-icon-box-description\">\n\t\t\t\t\t\tLlevar todas esas herramientas y aprendizajes del \u00e1mbito familiar al mundo empresarial. \n<br><br>\nPorque estoy convencida de que la gente tiene que estar contenta donde pasa la mayor parte de su vida. \t\t\t\t\t<\/p>\n\t\t\t\t\n\t\t\t<\/div>\n\t\t\t\n\t\t<\/div>\n\t\t\t\t\t\t<\/div>\n\t\t\t\t<div class=\"elementor-element elementor-element-dab2ba4 elementor-view-default elementor-position-top elementor-mobile-position-top elementor-widget elementor-widget-icon-box\" data-id=\"dab2ba4\" data-element_type=\"widget\" data-widget_type=\"icon-box.default\">\n\t\t\t\t\t\t\t<div class=\"elementor-icon-box-wrapper\">\n\n\t\t\t\t\t\t<div class=\"elementor-icon-box-icon\">\n\t\t\t\t<span  class=\"elementor-icon\">\n\t\t\t\t<svg aria-hidden=\"true\" class=\"e-font-icon-svg e-fas-rocket\" viewBox=\"0 0 512 512\" xmlns=\"http:\/\/www.w3.org\/2000\/svg\"><path d=\"M505.12019,19.09375c-1.18945-5.53125-6.65819-11-12.207-12.1875C460.716,0,435.507,0,410.40747,0,307.17523,0,245.26909,55.20312,199.05238,128H94.83772c-16.34763.01562-35.55658,11.875-42.88664,26.48438L2.51562,253.29688A28.4,28.4,0,0,0,0,264a24.00867,24.00867,0,0,0,24.00582,24H127.81618l-22.47457,22.46875c-11.36521,11.36133-12.99607,32.25781,0,45.25L156.24582,406.625c11.15623,11.1875,32.15619,13.15625,45.27726,0l22.47457-22.46875V488a24.00867,24.00867,0,0,0,24.00581,24,28.55934,28.55934,0,0,0,10.707-2.51562l98.72834-49.39063c14.62888-7.29687,26.50776-26.5,26.50776-42.85937V312.79688c72.59753-46.3125,128.03493-108.40626,128.03493-211.09376C512.07526,76.5,512.07526,51.29688,505.12019,19.09375ZM384.04033,168A40,40,0,1,1,424.05,128,40.02322,40.02322,0,0,1,384.04033,168Z\"><\/path><\/svg>\t\t\t\t<\/span>\n\t\t\t<\/div>\n\t\t\t\n\t\t\t\t\t\t<div class=\"elementor-icon-box-content\">\n\n\t\t\t\t\t\t\t\t\t<h3 class=\"elementor-icon-box-title\">\n\t\t\t\t\t\t<span  >\n\t\t\t\t\t\t\tMi prop\u00f3sito es \t\t\t\t\t\t<\/span>\n\t\t\t\t\t<\/h3>\n\t\t\t\t\n\t\t\t\t\t\t\t\t\t<p class=\"elementor-icon-box-description\">\n\t\t\t\t\t\tAyudarte a ti y a tu organizaci\u00f3n a crear esos entornos laborales donde la felicidad y el bienestar no sean una utop\u00eda, sino el motor de vuestro crecimiento y \u00e9xito.\t\t\t\t\t<\/p>\n\t\t\t\t\n\t\t\t<\/div>\n\t\t\t\n\t\t<\/div>\n\t\t\t\t\t\t<\/div>\n\t\t\t\t<\/div>\n\t\t\t\t\t<\/div>\n\t\t\t\t<\/div>\n\t\t<div class=\"elementor-element elementor-element-72c2b69c e-flex e-con-boxed e-con e-parent\" data-id=\"72c2b69c\" data-element_type=\"container\" data-settings=\"{&quot;background_background&quot;:&quot;gradient&quot;,&quot;shape_divider_top&quot;:&quot;waves&quot;}\">\n\t\t\t\t\t<div class=\"e-con-inner\">\n\t\t\t\t<div class=\"elementor-shape elementor-shape-top\" aria-hidden=\"true\" data-negative=\"false\">\n\t\t\t<svg xmlns=\"http:\/\/www.w3.org\/2000\/svg\" viewBox=\"0 0 1000 100\" preserveAspectRatio=\"none\">\n\t<path class=\"elementor-shape-fill\" d=\"M421.9,6.5c22.6-2.5,51.5,0.4,75.5,5.3c23.6,4.9,70.9,23.5,100.5,35.7c75.8,32.2,133.7,44.5,192.6,49.7\n\tc23.6,2.1,48.7,3.5,103.4-2.5c54.7-6,106.2-25.6,106.2-25.6V0H0v30.3c0,0,72,32.6,158.4,30.5c39.2-0.7,92.8-6.7,134-22.4\n\tc21.2-8.1,52.2-18.2,79.7-24.2C399.3,7.9,411.6,7.5,421.9,6.5z\"\/>\n<\/svg>\t\t<\/div>\n\t\t<div class=\"elementor-element elementor-element-2c8874b4 e-con-full e-flex e-con e-child\" data-id=\"2c8874b4\" data-element_type=\"container\">\n\t\t\t\t<div class=\"elementor-element elementor-element-259c6096 elementor-widget elementor-widget-cta\" data-id=\"259c6096\" data-element_type=\"widget\" data-settings=\"{&quot;primary_button_shape&quot;:&quot;round&quot;,&quot;layout_preset&quot;:&quot;focus&quot;,&quot;cta_vertical_position&quot;:&quot;start&quot;,&quot;box_shape&quot;:&quot;sharp&quot;}\" data-widget_type=\"cta.default\">\n\t\t\t\t<div class=\"elementor-widget-container\">\n\t\t\t\t\t\t\t<div class=\"has-shape-sharp shape-type-box ehp-cta has-preset-focus\">\n\t\t\t<div class=\"ehp-cta__overlay\"><\/div>\n\t\t\t<div class=\"ehp-cta__elements-container\">\n\t\t\t\t\t\t<div class=\"ehp-cta__text-container\">\n\t\t\t<h2 class=\"ehp-cta__heading\">\u00bfQuieres ver todo lo que podemos hacer en tu equipo?<\/h2>\t\t<\/div>\n\t\t\t\t\t<div class=\"ehp-cta__ctas-container\">\n\t\t\t\t<div class=\"ehp-cta__buttons-wrapper\">\n\t\t\t\t\t\t\t<a class=\"has-shape-round shape-type-button ehp-button ehp-button--primary ehp-cta__button ehp-cta__button--primary is-type-button\" href=\"https:\/\/formandoequipo.es\/index.php\/contacto\/\">\n\t\t\t<svg aria-hidden=\"true\" class=\"ehp-button__icon e-font-icon-svg e-fas-arrow-right\" 0=\"ehp-cta__button-icon\" viewBox=\"0 0 448 512\" xmlns=\"http:\/\/www.w3.org\/2000\/svg\"><path d=\"M190.5 66.9l22.2-22.2c9.4-9.4 24.6-9.4 33.9 0L441 239c9.4 9.4 9.4 24.6 0 33.9L246.6 467.3c-9.4 9.4-24.6 9.4-33.9 0l-22.2-22.2c-9.5-9.5-9.3-25 .4-34.3L311.4 296H24c-13.3 0-24-10.7-24-24v-32c0-13.3 10.7-24 24-24h287.4L190.9 101.2c-9.8-9.3-10-24.8-.4-34.3z\"><\/path><\/svg>\t\t<span class=\"ehp-button__text ehp-cta__button-text ehp-cta__button-text--primary\">\n\t\t\tHablemos\t\t\t\t<\/a>\n\t\t\t\t\t\t\t\t\t\t\t<\/div>\n\t\t\t<\/div>\n\t\t\t\t\t<\/div>\n\t\t<\/div>\n\t\t\t\t\t\t<\/div>\n\t\t\t\t<\/div>\n\t\t\t\t<\/div>\n\t\t<div class=\"elementor-element elementor-element-2c1b48fa e-con-full e-flex e-con e-child\" data-id=\"2c1b48fa\" data-element_type=\"container\">\n\t\t\t\t<div class=\"elementor-element elementor-element-2c95c29f elementor-widget elementor-widget-image\" data-id=\"2c95c29f\" data-element_type=\"widget\" data-widget_type=\"image.default\">\n\t\t\t\t\t\t\t\t\t\t\t\t\t\t\t<img decoding=\"async\" width=\"2560\" height=\"1707\" src=\"https:\/\/formandoequipo.es\/wp-content\/uploads\/2025\/08\/01112021-_Q4A1970-scaled.jpg\" class=\"attachment-full size-full wp-image-228\" alt=\"\" srcset=\"https:\/\/formandoequipo.es\/wp-content\/uploads\/2025\/08\/01112021-_Q4A1970-scaled.jpg 2560w, https:\/\/formandoequipo.es\/wp-content\/uploads\/2025\/08\/01112021-_Q4A1970-300x200.jpg 300w\" sizes=\"(max-width: 2560px) 100vw, 2560px\" \/>\t\t\t\t\t\t\t\t\t\t\t\t\t\t\t<\/div>\n\t\t\t\t<\/div>\n\t\t\t\t\t<\/div>\n\t\t\t\t<\/div>\n\t\t\t\t<\/div>\n\t\t","protected":false},"excerpt":{"rendered":"<p>Soy Sandra Cuando me preguntan qu\u00e9 hago, respondo que: ayudo a las personas a entenderse mejor. Desde 2021 he trabajado con familias para poder llevar una educaci\u00f3n respetuosa a sus casas y esos resultados me han parecido tan potentes que he decidido dar el salto a los equipos de trabajo. Mi viaje profesional es la [&hellip;]<\/p>\n","protected":false},"author":1,"featured_media":0,"parent":0,"menu_order":0,"comment_status":"closed","ping_status":"closed","template":"elementor_header_footer","meta":{"footnotes":""},"class_list":["post-90","page","type-page","status-publish","hentry"],"_links":{"self":[{"href":"https:\/\/formandoequipo.es\/index.php\/wp-json\/wp\/v2\/pages\/90","targetHints":{"allow":["GET"]}}],"collection":[{"href":"https:\/\/formandoequipo.es\/index.php\/wp-json\/wp\/v2\/pages"}],"about":[{"href":"https:\/\/formandoequipo.es\/index.php\/wp-json\/wp\/v2\/types\/page"}],"author":[{"embeddable":true,"href":"https:\/\/formandoequipo.es\/index.php\/wp-json\/wp\/v2\/users\/1"}],"replies":[{"embeddable":true,"href":"https:\/\/formandoequipo.es\/index.php\/wp-json\/wp\/v2\/comments?post=90"}],"version-history":[{"count":29,"href":"https:\/\/formandoequipo.es\/index.php\/wp-json\/wp\/v2\/pages\/90\/revisions"}],"predecessor-version":[{"id":421,"href":"https:\/\/formandoequipo.es\/index.php\/wp-json\/wp\/v2\/pages\/90\/revisions\/421"}],"wp:attachment":[{"href":"https:\/\/formandoequipo.es\/index.php\/wp-json\/wp\/v2\/media?parent=90"}],"curies":[{"name":"wp","href":"https:\/\/api.w.org\/{rel}","templated":true}]}}